{"id":348,"date":"2020-11-24T12:27:42","date_gmt":"2020-11-24T12:27:42","guid":{"rendered":"https:\/\/hgv-hartmann.de\/fr\/?page_id=348"},"modified":"2020-11-24T12:28:00","modified_gmt":"2020-11-24T12:28:00","slug":"impressum","status":"publish","type":"page","link":"https:\/\/hgv-hartmann.de\/fr\/impressum\/","title":{"rendered":"Impressum"},"content":{"rendered":"<p><a href=\"https:\/\/hgv-hartmann.de\/de\/\"><img decoding=\"async\" loading=\"lazy\" class=\"size-full wp-image-514 alignnone\" style=\"border: 0pt none; padding-right: 150px;\" title=\"logo\" src=\"https:\/\/hgv-hartmann.de\/de\/wp-content\/uploads\/2010\/05\/logo.png\" alt=\"\" width=\"591\" height=\"84\" \/><\/a><\/p>\n<p>\u00a0<\/p>\n<p><!--\n\n\n\n\n<tr>\n\n\n\n\n<td colspan=\"2\" valign=\"top\" height=\"18\"><a name=\"datenschutz\"><\/a><strong>Datenschutz:<\/strong><\/td>\n\n\n\n\n<\/tr>\n\n\n\n\n\n\n\n\n<tr>\n\n\n\n\n<td colspan=\"2\" valign=\"top\" height=\"18\">Ihre durch Sie eingegebenen oder in sonstiger Weise erhobenen personenbezogenen Daten werden unter strikter Wahrung der Bestimmungen des BDSG verarbeitet. Insbesondere werden personenbezogene Daten nicht unbefugt an Dritte weitergegeben und nur f\u00fcr die der HGV Hartmann GmbH &amp; Co. KG gesetzlich zugewiesenen Aufgaben verwendet. Zum Schutz Ihrer Rechte haben wir die erforderlichen technischen und organisatorischen Ma\u00dfnahmen getroffen.<\/td>\n\n\n\n\n<\/tr>\n\n\n\n\n\n\n\n\n<tr>\n\n\n\n\n<td colspan=\"2\" valign=\"top\" height=\"18\"><\/td>\n\n\n\n\n<\/tr>\n\n\n\n\n--><\/p>\n<table border=\"0\" width=\"599\" cellspacing=\"1\" cellpadding=\"1\">\n<tbody>\n<tr>\n<td colspan=\"2\" valign=\"top\" height=\"18\"><strong>Angaben gem\u00e4\u00df \u00a7 5 TMG :<\/strong><\/td>\n<\/tr>\n<tr>\n<td valign=\"top\" width=\"269\" height=\"18\">\n<address>HGV Hartmann Grundbesitz Verwaltungsgesellschaft mbH &amp; Co. KG<\/address>\n<address>Kleine Steubenstr. 13<\/address>\n<address>45139 Essen<\/address>\n<\/td>\n<td valign=\"top\" width=\"323\">\n<address>\u00a0<\/address>\n<\/td>\n<\/tr>\n<tr>\n<td colspan=\"2\" valign=\"top\" height=\"18\">\u00a0<\/td>\n<\/tr>\n<tr>\n<td colspan=\"2\" valign=\"top\" height=\"18\"><strong>Vertreten durch die Gesch\u00e4ftsf\u00fchrer:<\/strong><\/td>\n<\/tr>\n<tr>\n<td colspan=\"2\" valign=\"top\" height=\"18\">\u00a0Ingeborg Hartmann<br \/>Amtsgericht :\u00a0Essen<br \/>SteuerID: 5112\/5818\/1891<\/td>\n<\/tr>\n<tr>\n<td valign=\"top\" height=\"18\">\u00a0<\/td>\n<\/tr>\n<tr>\n<td valign=\"top\" height=\"18\"><strong>Kontact:<\/strong><br \/>Telefon: +49 (0) 201 89 03 15 1<br \/>Fax:\u00a0 \u00a0 \u00a0 +49 (0) 201 27 51 19<br \/>Email: guyhart-hartmann[at]wanadoo.fr<\/td>\n<\/tr>\n<tr>\n<td colspan=\"2\" valign=\"top\" height=\"18\">\u00a0<\/td>\n<\/tr>\n<tr>\n<td colspan=\"2\" valign=\"top\" height=\"18\"><strong>Verantwortlicher f\u00fcr den Inhalt: <\/strong>\u00a0<\/p>\n<p>\u00a0<\/p>\n<p><strong>HGV Hartmann Grundbesitz Verwaltung GmbH &amp; Co. KG<br \/><\/strong><\/p>\n<\/td>\n<\/tr>\n<tr>\n<td valign=\"top\" height=\"18\">\u00a0<\/td>\n<td valign=\"top\" height=\"18\">\u00a0<\/td>\n<\/tr>\n<tr>\n<td colspan=\"2\" valign=\"top\" height=\"18\">\u00a0<\/td>\n<\/tr>\n<tr>\n<td colspan=\"2\" valign=\"top\" height=\"18\"><strong>Nutzungsbedingungen:<\/strong><\/td>\n<\/tr>\n<tr>\n<td colspan=\"2\" valign=\"top\">1. Die HGV Hartmann GmbH &amp; CO. KG \u00fcbernimmt trotz sorgf\u00e4ltiger Beschaffung und Bereitstellung keine Gew\u00e4hr f\u00fcr die Richtigkeit, Vollst\u00e4ndigkeit oder Genauigkeit der im Rahmen des Internet-Informationssystems zum Abruf bereitgehaltenen und angezeigten Inhalte.\u00a0<\/p>\n<p>\u00a0<\/p>\n<p>2. Die zum Abruf bereit gehaltenen Informationen sowie die mit Darstellungs- und Analysewerkzeugen generierten und angezeigten Ergebnisse dienen ausschlie\u00dflich zur Information der Besucher des Internetangebotes der HGV Hartmann GmbH &amp; Co. KG und stellen keine Beratung oder sonstige Empfehlung dar.<\/p>\n<p>3. An allen Web-Seiten inklusive Layout, Quelltext, Software und deren Inhalte besitzt die HGV Hartmann GmbH &amp; Co. KG das Urheberrecht und sonstige Schutzrechte. Das Abrufen, Kopieren, Abspeichern und das Be- und Umarbeiten der Webseiten, deren Inhalte oder mit den Darstellungswerkzeugen generierten oder angezeigten Ergebnisse, im Ganzen oder in Teilen, darf allein zum privaten, nicht kommerziellen Gebrauch vorgenommen werden.<\/p>\n<p>Urheberrechtshinweise und Markenbezeichnungen d\u00fcrfen weder ver\u00e4ndert noch beseitigt werden. Alle dar\u00fcber hinausgehenden Handlungen bed\u00fcrfen einer vorherigen schriftlichen Zustimmung durch die HGV Hartmann GmbH &amp; Co. KG. Der Abruf der bereitgehaltenen Informationen darf nur in einer Art und Weise geschehen, der die Nutzung des Internetangebotes durch die \u00fcbrigen Besucher nicht beeintr\u00e4chtigt.<\/p>\n<p>4. Die Einrichtung eines Hyperlinks von anderen Webseiten auf eine der zu diesem Online-Angebot geh\u00f6renden Webseiten, ohne vorherige schriftliche Zustimmung der HGV Hartmann GmbH &amp; Co. KG, wird ausdr\u00fccklich untersagt. Insbesondere ist es unzul\u00e4ssig, die zu diesem Online-Angebot geh\u00f6renden Webseiten oder deren Inhalte mittels eines Hyperlinks in einem Teilfenster anderer Online-Angebote einzubinden oder darzustellen.<\/p>\n<p>5. In einem Urteil vom 12. Mai 1998 hat das Landgericht Hamburg entschieden, dass man durch Einbindung eines Hyperlinks f\u00fcr die Inhalte der gelinkten Seite unter Umst\u00e4nden mit verantwortlich ist. Dies kann \u2013 so das Landgericht \u2013 alleine dadurch verhindert werden, dass man sich ausdr\u00fccklich von deren Inhalten distanziert. F\u00fcr s\u00e4mtliche im Internetangebot der HGV Hartmann GmbH &amp; Co. KG genannten Hyperlinks gilt deshalb: Wir betonen ausdr\u00fccklich, dass wir keinerlei Einfluss auf die Gestaltung und die Inhalte der gelinkten Seiten haben. Wir distanzieren uns hiermit von allen Inhalten der verlinkten Seiten und machen uns ihre Inhalte nicht zu Eigen.<\/p>\n<\/td>\n<\/tr>\n<tr>\n<td colspan=\"2\" valign=\"top\" height=\"18\">\u00a0<\/td>\n<\/tr>\n<tr>\n<td colspan=\"2\" valign=\"top\" height=\"18\"><strong>Sonstige Regelungen:<\/strong><\/td>\n<\/tr>\n<tr>\n<td colspan=\"2\" valign=\"top\" height=\"18\">\n<div>\n<p>Auf die vorliegenden Nutzungsbedingungen sowie das Verh\u00e4ltnis zwischen Ihnen und der HGV Hartmann GmbH &amp; Co. KG findet ausschlie\u00dflich deutsches Recht Anwendung.<\/p>\n<\/div>\n<\/td>\n<\/tr>\n<\/tbody>\n<\/table>\n<p><!-- PHP 5.x --><\/p>\n","protected":false},"excerpt":{"rendered":"<p>\u00a0 Angaben gem\u00e4\u00df \u00a7 5 TMG : HGV Hartmann Grundbesitz Verwaltungsgesellschaft mbH &amp; Co. KG Kleine Steubenstr. 13 45139 Essen \u00a0 \u00a0 Vertreten durch die Gesch\u00e4ftsf\u00fchrer: \u00a0Ingeborg HartmannAmtsgericht :\u00a0EssenSteuerID: 5112\/5818\/1891 \u00a0 Kontact:Telefon: +49 (0) 201 89 03 15 1Fax:\u00a0 \u00a0 \u00a0 +49 (0) 201 27 51 19Email: guyhart-hartmann[at]wanadoo.fr \u00a0 Verantwortlicher f\u00fcr den Inhalt: \u00a0 \u00a0 [&hellip;]<\/p>\n","protected":false},"author":1,"featured_media":0,"parent":0,"menu_order":5,"comment_status":"closed","ping_status":"closed","template":"","meta":[],"_links":{"self":[{"href":"https:\/\/hgv-hartmann.de\/fr\/wp-json\/wp\/v2\/pages\/348"}],"collection":[{"href":"https:\/\/hgv-hartmann.de\/fr\/wp-json\/wp\/v2\/pages"}],"about":[{"href":"https:\/\/hgv-hartmann.de\/fr\/wp-json\/wp\/v2\/types\/page"}],"author":[{"embeddable":true,"href":"https:\/\/hgv-hartmann.de\/fr\/wp-json\/wp\/v2\/users\/1"}],"replies":[{"embeddable":true,"href":"https:\/\/hgv-hartmann.de\/fr\/wp-json\/wp\/v2\/comments?post=348"}],"version-history":[{"count":1,"href":"https:\/\/hgv-hartmann.de\/fr\/wp-json\/wp\/v2\/pages\/348\/revisions"}],"predecessor-version":[{"id":349,"href":"https:\/\/hgv-hartmann.de\/fr\/wp-json\/wp\/v2\/pages\/348\/revisions\/349"}],"wp:attachment":[{"href":"https:\/\/hgv-hartmann.de\/fr\/wp-json\/wp\/v2\/media?parent=348"}],"curies":[{"name":"wp","href":"https:\/\/api.w.org\/{rel}","templated":true}]}}